{"id":402,"date":"2024-01-17T20:33:57","date_gmt":"2024-01-17T19:33:57","guid":{"rendered":"https:\/\/multicoque.ae2agence.ovh\/?page_id=402"},"modified":"2025-07-15T11:10:22","modified_gmt":"2025-07-15T09:10:22","slug":"useful-information","status":"publish","type":"page","link":"https:\/\/demo.multicoque-online.com\/en\/useful-information\/","title":{"rendered":"USEFUL INFORMATION"},"content":{"rendered":"<div id='av-layout-grid-1'  class='av-layout-grid-container av-1bmme2-c97733860e64bc65d62fb8bd237fcaaf entry-content-wrapper main_color av-flex-cells  avia-builder-el-0  avia-builder-el-no-sibling  gridtypemlcq  container_wrap fullsize'  >\n\n<style type=\"text\/css\" data-created_by=\"avia_inline_auto\" id=\"style-css-av-14rxzm-2acea56ff4a57669316246a254c765e2\">\n.flex_cell.av-14rxzm-2acea56ff4a57669316246a254c765e2{\nvertical-align:top;\n}\n<\/style>\n<div class='flex_cell av-14rxzm-2acea56ff4a57669316246a254c765e2 av-gridrow-cell av_three_fourth no_margin  avia-builder-el-1  el_before_av_cell_one_fourth  avia-builder-el-first' ><div class='flex_cell_inner'><p>\n<style type=\"text\/css\" data-created_by=\"avia_inline_auto\" id=\"style-css-av-m6i6tayv-7fff658d09d1e8d612fc90576a6cda9a\">\n.avia-image-container.av-m6i6tayv-7fff658d09d1e8d612fc90576a6cda9a img.avia_image{\nbox-shadow:none;\n}\n.avia-image-container.av-m6i6tayv-7fff658d09d1e8d612fc90576a6cda9a .av-image-caption-overlay-center{\ncolor:#ffffff;\n}\n<\/style>\n<div  class='avia-image-container av-m6i6tayv-7fff658d09d1e8d612fc90576a6cda9a av-styling- avia-align-center  avia-builder-el-2  el_before_av_image  avia-builder-el-first  av-desktop-hide av-medium-hide'   itemprop=\"image\" itemscope=\"itemscope\" itemtype=\"https:\/\/schema.org\/ImageObject\" ><div class=\"avia-image-container-inner\"><div class=\"avia-image-overlay-wrap\"><a href=\"http:\/\/www.catamarans-fountaine-pajot.com\/salon-international-du-multicoque-de-la-grande-motte\/?utm_source=LGM-digital-banner&amp;utm_medium=Display-fr&amp;utm_campaign=BAN-LGM\" class='avia_image' target=\"_blank\" rel=\"noopener noreferrer\"><img decoding=\"async\" class='wp-image-4863 avia-img-lazy-loading-not-4863 avia_image' src=\"https:\/\/demo.multicoque-online.com\/uploads\/2025\/01\/Ban-rubrique-LeSalon-LGM-25-mobile.jpg\" alt='' title='Ban-rubrique-LeSalon-LGM-25-mobile'  height=\"200\" width=\"400\"  itemprop=\"thumbnailUrl\" srcset=\"https:\/\/demo.multicoque-online.com\/uploads\/2025\/01\/Ban-rubrique-LeSalon-LGM-25-mobile.jpg 400w, https:\/\/demo.multicoque-online.com\/uploads\/2025\/01\/Ban-rubrique-LeSalon-LGM-25-mobile-300x150.jpg 300w, https:\/\/demo.multicoque-online.com\/uploads\/2025\/01\/Ban-rubrique-LeSalon-LGM-25-mobile-18x9.jpg 18w\" sizes=\"(max-width: 400px) 100vw, 400px\" \/><\/a><\/div><\/div><\/div><br \/>\n\n<style type=\"text\/css\" data-created_by=\"avia_inline_auto\" id=\"style-css-av-m6i6u3ps-265546ccbdce9e50c649d307985f85a9\">\n.avia-image-container.av-m6i6u3ps-265546ccbdce9e50c649d307985f85a9 img.avia_image{\nbox-shadow:none;\n}\n.avia-image-container.av-m6i6u3ps-265546ccbdce9e50c649d307985f85a9 .av-image-caption-overlay-center{\ncolor:#ffffff;\n}\n<\/style>\n<div  class='avia-image-container av-m6i6u3ps-265546ccbdce9e50c649d307985f85a9 av-styling- avia-align-center  avia-builder-el-3  el_after_av_image  el_before_av_one_full  av-small-hide av-mini-hide'   itemprop=\"image\" itemscope=\"itemscope\" itemtype=\"https:\/\/schema.org\/ImageObject\" ><div class=\"avia-image-container-inner\"><div class=\"avia-image-overlay-wrap\"><a href=\"http:\/\/www.catamarans-fountaine-pajot.com\/salon-international-du-multicoque-de-la-grande-motte\/?utm_source=LGM-digital-banner&amp;utm_medium=Display-fr&amp;utm_campaign=BAN-LGM\" class='avia_image' target=\"_blank\" rel=\"noopener noreferrer\"><img decoding=\"async\" class='wp-image-4862 avia-img-lazy-loading-not-4862 avia_image' src=\"https:\/\/demo.multicoque-online.com\/uploads\/2025\/01\/Ban-rubrique-LeSalon-LGM-25-desktop.jpg\" alt='' title='Ban-rubrique-LeSalon-LGM-25-desktop'  height=\"100\" width=\"2000\"  itemprop=\"thumbnailUrl\" srcset=\"https:\/\/demo.multicoque-online.com\/uploads\/2025\/01\/Ban-rubrique-LeSalon-LGM-25-desktop.jpg 2000w, https:\/\/demo.multicoque-online.com\/uploads\/2025\/01\/Ban-rubrique-LeSalon-LGM-25-desktop-300x15.jpg 300w, https:\/\/demo.multicoque-online.com\/uploads\/2025\/01\/Ban-rubrique-LeSalon-LGM-25-desktop-1030x52.jpg 1030w, https:\/\/demo.multicoque-online.com\/uploads\/2025\/01\/Ban-rubrique-LeSalon-LGM-25-desktop-768x38.jpg 768w, https:\/\/demo.multicoque-online.com\/uploads\/2025\/01\/Ban-rubrique-LeSalon-LGM-25-desktop-1536x77.jpg 1536w, https:\/\/demo.multicoque-online.com\/uploads\/2025\/01\/Ban-rubrique-LeSalon-LGM-25-desktop-18x1.jpg 18w, https:\/\/demo.multicoque-online.com\/uploads\/2025\/01\/Ban-rubrique-LeSalon-LGM-25-desktop-1500x75.jpg 1500w, https:\/\/demo.multicoque-online.com\/uploads\/2025\/01\/Ban-rubrique-LeSalon-LGM-25-desktop-705x35.jpg 705w\" sizes=\"(max-width: 2000px) 100vw, 2000px\" \/><\/a><\/div><\/div><\/div><br \/>\n<div class='flex_column av-wgyve-507b812b1cace216c1f00205b687403f av_one_full  avia-builder-el-4  el_after_av_image  el_before_av_one_full  first flex_column_div'     ><section  class='av_textblock_section av-lri6l906-770edeec7a3b2acf04b21e9729a4e3dc'  itemscope=\"itemscope\" itemtype=\"https:\/\/schema.org\/CreativeWork\" ><div class='avia_textblock titrehn'  itemprop=\"text\" ><h1>Useful information<\/h1>\n<\/div><\/section><\/div><div class='flex_column av-rpvx6-5c898f38bd31f91e1aa06eaf53d9b7b6 av_one_full  avia-builder-el-6  el_after_av_one_full  avia-builder-el-last  first flex_column_div column-top-margin'     ><section  class='av_textblock_section av-lri6le7p-a76ef82acf264f49243ff108e7cdd913'  itemscope=\"itemscope\" itemtype=\"https:\/\/schema.org\/CreativeWork\" ><div class='avia_textblock'  itemprop=\"text\" ><h2>Dates and times<\/h2>\n<p><strong>April 22, to April 26,<\/strong>\u00a0<strong>2026<\/strong><br \/>\n(schedule in progress)<\/p>\n<h2>Admission fees<\/h2>\n<p>(Offer under development)<\/p>\n<p>Standard fee: 10\u20ac<br \/>\nPass 5 days : 30\u20ac<br \/>\nUnder 16s \/ Students*: FREE<br \/>\n*on presentation of proof<br \/>\nPayment accepted: cash, bank card<\/p>\n<div class=\"doublebutton\" style=\"display: block !important; margin-bottom: 40px; margin-top: 0;\"><a style=\"display: none;\" href=\"#\">#<\/a><br \/>\n<a style=\"margin-right: 0;\" href=\"https:\/\/demo.multicoque-online.com\/fr\/billetterie\/\">Buy tickets<\/a><\/div>\n<h2>Location<\/h2>\n<p>La Grande-Motte (34), France<\/p>\n<\/div><\/section><br \/>\n<br \/>\n\n<style type=\"text\/css\" data-created_by=\"avia_inline_auto\" id=\"style-css-av-md4b6b1y-b73f34ac5596fa153654f3ace55b5bae\">\n#top .hr.hr-invisible.av-md4b6b1y-b73f34ac5596fa153654f3ace55b5bae{\nheight:50px;\n}\n<\/style>\n<div  class='hr av-md4b6b1y-b73f34ac5596fa153654f3ace55b5bae hr-invisible  avia-builder-el-9  el_after_av_codeblock  el_before_av_textblock'><span class='hr-inner'><span class=\"hr-inner-style\"><\/span><\/span><\/div><br \/>\n<section  class='av_textblock_section av-lrj28f2y-722a3fa4a40afc859cd384e3e33a902b'  itemscope=\"itemscope\" itemtype=\"https:\/\/schema.org\/CreativeWork\" ><div class='avia_textblock'  itemprop=\"text\" ><h2>How to get to the show ...<\/h2>\n<p>How to get to La Grande Motte? Located on the edge of the Mediterranean at the gates of the Camargue,<br \/>\nthe city is accessible by road, plane, train, boat or coach.<\/p>\n<p><strong>VTC\/TAXI<\/strong><\/p>\n<p><img loading=\"lazy\" decoding=\"async\" class=\"wp-image-6719 alignleft\" style=\"margin-top: 0px; margin-bottom: 0px; text-align: right;\" src=\"https:\/\/demo.multicoque-online.com\/uploads\/2025\/07\/montpellier-VTC.png\" alt=\"\" width=\"247\" height=\"141\" srcset=\"https:\/\/demo.multicoque-online.com\/uploads\/2025\/07\/montpellier-VTC.png 300w, https:\/\/demo.multicoque-online.com\/uploads\/2025\/07\/montpellier-VTC-18x10.png 18w\" sizes=\"(max-width: 247px) 100vw, 247px\" \/>Romain Girona- Montpellier VTC &#8211;<\/p>\n<p><a href=\"tel:+33622720864\">+33 6 22 72 08 64<\/a><\/p>\n<p><a href=\"mailto:contact@montpelliervtc.fr\">contact@montpelliervtc.fr<\/a><\/p>\n<p>Web site: <a href=\"http:\/\/www.montpelliervtc.fr\/\">www.montpelliervtc.fr<\/a><\/p>\n<div>\n<strong>By road<\/strong><\/p>\n<p>- A75 motorway from Paris and the centre of France<br \/>\n- A9 motorway from Lyon<br \/>\n- A61 motorway when arriving from Toulouse<br \/>\n&#8211; Sortie 26 (Gallargues &#8211; Aigues Mortes &#8211; Le Grau du Roi) en venant par l\u2019Est ou le Nord<br \/>\n&#8211; Sortie 29 (Montpellier-Est &#8211; Carnon &#8211; La Grande Motte) en venant de l\u2019Ouest<br \/>\nTwo dual carriageways (20 km each) link La Grande Motte to the A9 motorway:<br \/>\n&#8211; Bison fut\u00e9 : T\u00e9l. 04 91 78 78 78 (Marseille) &#8211; www.bison-fute.equipement.gouv.fr\/<br \/>\n&#8211; Autoroutes informations &#8211;\u00a0<a href=\"http:\/\/www.autoroutes.fr\/\">www.autoroutes.fr<\/a><\/p>\n<p><strong>By plane<\/strong><br \/>\n&#8211; A\u00e9roport Montpellier-M\u00e9diterran\u00e9e (10 km)<br \/>\nTel (+33) (0) 467 20 85 00<br \/>\n<a href=\"https:\/\/www.montpellier.aeroport.fr\/\">www.montpellier.aeroport.fr<\/a><br \/>\n&#8211; A\u00e9roport de N\u00eemes-Arles-Camargue (35 km)<br \/>\nTel (+33) (0) 466 70 49 49<br \/>\n<a href=\"https:\/\/www.nimes.aeroport.fr\/\">www.aeroport-nimes.fr<\/a><\/p>\n<p><strong>From the Airport<\/strong>, you will find a shuttle that will take you to the Place de France in Montpellier (Odysseum Shopping Center). When you get there, you have to take the bus n\u00b0606 and stop at the stop Grande Pyramide - Port, Grande Motte. (about 45min)<\/p>\n<p><strong>By rail<\/strong><br \/>\nDaily services to and from all major cities,<br \/>\nin particular the TGV high-speed train which arrives in<br \/>\nMontpellier.<br \/>\nFrom the railway station take the tramway (line 1) to the station<br \/>\n\u201cOdysseum\u201d<br \/>\nwhere a regular\ncoach (line n\u00b0606) provides a return shuttle service to and from<br \/>\nLa Grande Motte (45 minutes)<br \/>\n&#8211; Gare TGV de Montpellier \u00e0 21 km<br \/>\nT\u00e9l : 3635 SNCF &#8211;\u00a0<a href=\"http:\/\/www.voyages-sncf.com\/\">www.voyages-sncf.com<\/a><\/p>\n<p><strong>From the train station Saint Roch of Montpellier<\/strong>you have to take the blue tram, line 1, and stop at Place de France, then take the bus # 606. And stop at the stop Grande Pyramide - Port, Grande Motte. (about 1h)<\/p>\n<p><strong>From the train station Sud de France of Montpellier<\/strong>you have to take the bus n\u00b0606 and stop at the stop Grande Pyramide - Port, Grande Motte. (about 30min)<\/p>\n<p><strong>By coach<\/strong><br \/>\nRegular year-round services<\/p>\n<p>- H\u00e9rault Transport<br \/>\nReturn trip: Montpellier - Carnon - La Grande Motte<br \/>\nTel. (+33) (0) 467 06 03 67 Website with timetable :\u00a0<a href=\"http:\/\/www.herault-transport.fr\/\">www.herault-transport.fr<\/a><\/p>\n<p>- Bus du Pays de l'Or: From P\u00e9rols, Etang de l'Or stop, take line 4 to Grande Pyramide - La Grande Motte stop (45min)<\/p>\n<p>- From N\u00eemes, at the bus station, take the C132 and get to the Port - La Grande Motte stop (1.60\u20ac per ticket, 1h15 of travel)<\/p>\n<p><strong>PARKING PLAN\u00a0<\/strong><\/p>\n<p><img loading=\"lazy\" decoding=\"async\" class=\"alignnone wp-image-6433\" src=\"https:\/\/demo.multicoque-online.com\/uploads\/2025\/04\/Capture-decran-2025-04-23-a-07.28.50-300x198.png\" alt=\"\" width=\"441\" height=\"291\" srcset=\"https:\/\/demo.multicoque-online.com\/uploads\/2025\/04\/Capture-decran-2025-04-23-a-07.28.50-300x198.png 300w, https:\/\/demo.multicoque-online.com\/uploads\/2025\/04\/Capture-decran-2025-04-23-a-07.28.50-1030x679.png 1030w, https:\/\/demo.multicoque-online.com\/uploads\/2025\/04\/Capture-decran-2025-04-23-a-07.28.50-768x506.png 768w, https:\/\/demo.multicoque-online.com\/uploads\/2025\/04\/Capture-decran-2025-04-23-a-07.28.50-18x12.png 18w, https:\/\/demo.multicoque-online.com\/uploads\/2025\/04\/Capture-decran-2025-04-23-a-07.28.50-705x465.png 705w, https:\/\/demo.multicoque-online.com\/uploads\/2025\/04\/Capture-decran-2025-04-23-a-07.28.50.png 1486w\" sizes=\"(max-width: 441px) 100vw, 441px\" \/><\/p>\n<\/div><\/section><br \/>\n<section  class='av_textblock_section av-m9ibm33t-9b461cce2a1ac5485772b9dc1ee058b5'  itemscope=\"itemscope\" itemtype=\"https:\/\/schema.org\/CreativeWork\" ><div class='avia_textblock'  itemprop=\"text\" ><h2>The Mediterranean Coast in Occitanie<\/h2>\n<p class=\"text-build-content\">Take advantage of your show visit to discover the treasures of the\u00a0<a class=\"link-build-content\" href=\"https:\/\/www.visit-occitanie.com\/en\/discovering\/our-universes\/sea\/\" target=\"_blank\" rel=\"noopener\"><u>Mediterranean coast<\/u><\/a>\u00a0as well as the tourist attractions of the hinterland, which you can discover thanks to the<a class=\"link-build-content\" href=\"https:\/\/www.visit-occitanie.com\/en\/rail-tour\/\" target=\"_blank\" rel=\"noopener\"><u>\u2019Occitanie Rail Tour<\/u><\/a>.<\/p>\n<\/div><\/section><\/p><\/div><\/p>\n<\/div><\/div>\n<style type=\"text\/css\" data-created_by=\"avia_inline_auto\" id=\"style-css-av-1vhbm-9f4bddf5c9502aee2ca3a6e5af941f88\">\n.flex_cell.av-1vhbm-9f4bddf5c9502aee2ca3a6e5af941f88{\nvertical-align:top;\n}\n<\/style>\n<div class='flex_cell av-1vhbm-9f4bddf5c9502aee2ca3a6e5af941f88 av-gridrow-cell av_one_fourth no_margin  avia-builder-el-12  el_after_av_cell_three_fourth  avia-builder-el-last' ><div class='flex_cell_inner'><div class='flex_column av-ei6x6-0a6a946485cae6955203554370830dc3 av_one_full  avia-builder-el-13  avia-builder-el-no-sibling  first flex_column_div'     ><section  class='av_textblock_section av-77wsi-0f0dc27e42712305149e93d92a454074'  itemscope=\"itemscope\" itemtype=\"https:\/\/schema.org\/CreativeWork\" ><div class='avia_textblock'  itemprop=\"text\" ><p><iframe loading=\"lazy\" class=\"\" style=\"border: none; visibility: visible; width: 275px; height: 390px;\" title=\"fb:page Facebook Social Plugin\" src=\"https:\/\/www.facebook.com\/v3.2\/plugins\/page.php?adapt_container_width=true&#038;app_id=1101047086724778&#038;channel=https%3A%2F%2Fstaticxx.facebook.com%2Fx%2Fconnect%2Fxd_arbiter%2F%3Fversion%3D46%23cb%3Df290795d4018d28%26domain%3Dwww.multicoque-online.com%26is_canvas%3Dfalse%26origin%3Dhttps%253A%252F%252Fwww.multicoque-online.com%252Ff13c0ab6d92d08%26relation%3Dparent.parent&#038;container_width=275&#038;height=390&#038;hide_cover=true&#038;href=https%3A%2F%2Fwww.facebook.com%2FInternationalMultihullShow%2F&#038;locale=fr_FR&#038;sdk=joey&#038;show_facepile=false&#038;small_header=true&#038;tabs=timeline\" name=\"f228380b3f2f8e\" width=\"1000px\" height=\"390px\" frameborder=\"0\" scrolling=\"no\" allowfullscreen=\"allowfullscreen\" data-testid=\"fb:page Facebook Social Plugin\"><\/iframe><\/p>\n<\/div><\/section><\/div>\n<\/div><\/div><\/div>","protected":false},"excerpt":{"rendered":"","protected":false},"author":1,"featured_media":0,"parent":0,"menu_order":0,"comment_status":"closed","ping_status":"closed","template":"","meta":{"inline_featured_image":false,"footnotes":""},"acf":[],"yoast_head":"<!-- This site is optimized with the Yoast SEO plugin v23.4 - https:\/\/yoast.com\/wordpress\/plugins\/seo\/ -->\n<title>Infos pratiques - Multicoque<\/title>\n<meta name=\"description\" content=\"Consultez nos informations pratiques pour pr\u00e9parer votre visite au Salon Mondial du Multicoque. Horaires, tarifs, acc\u00e8s...\" \/>\n<meta name=\"robots\" content=\"noindex, follow, max-snippet:-1, max-image-preview:large, max-video-preview:-1\" \/>\n<meta property=\"og:locale\" content=\"en_GB\" \/>\n<meta property=\"og:type\" content=\"article\" \/>\n<meta property=\"og:title\" content=\"Infos pratiques - Multicoque\" \/>\n<meta property=\"og:description\" content=\"Consultez nos informations pratiques pour pr\u00e9parer votre visite au Salon Mondial du Multicoque. Horaires, tarifs, acc\u00e8s...\" \/>\n<meta property=\"og:url\" content=\"https:\/\/demo.multicoque-online.com\/en\/useful-information\/\" \/>\n<meta property=\"og:site_name\" content=\"Multicoque\" \/>\n<meta property=\"article:modified_time\" content=\"2025-07-15T09:10:22+00:00\" \/>\n<meta property=\"og:image\" content=\"https:\/\/demo.multicoque-online.com\/uploads\/2025\/07\/montpellier-VTC.png\" \/>\n<meta name=\"twitter:card\" content=\"summary_large_image\" \/>\n<meta name=\"twitter:label1\" content=\"Estimated reading time\" \/>\n\t<meta name=\"twitter:data1\" content=\"4 minutes\" \/>\n<script type=\"application\/ld+json\" class=\"yoast-schema-graph\">{\"@context\":\"https:\/\/schema.org\",\"@graph\":[{\"@type\":\"WebPage\",\"@id\":\"https:\/\/demo.multicoque-online.com\/en\/useful-information\/\",\"url\":\"https:\/\/demo.multicoque-online.com\/en\/useful-information\/\",\"name\":\"Infos pratiques - Multicoque\",\"isPartOf\":{\"@id\":\"https:\/\/demo.multicoque-online.com\/en\/#website\"},\"primaryImageOfPage\":{\"@id\":\"https:\/\/demo.multicoque-online.com\/en\/useful-information\/#primaryimage\"},\"image\":{\"@id\":\"https:\/\/demo.multicoque-online.com\/en\/useful-information\/#primaryimage\"},\"thumbnailUrl\":\"https:\/\/demo.multicoque-online.com\/uploads\/2025\/07\/montpellier-VTC.png\",\"datePublished\":\"2024-01-17T19:33:57+00:00\",\"dateModified\":\"2025-07-15T09:10:22+00:00\",\"description\":\"Consultez nos informations pratiques pour pr\u00e9parer votre visite au Salon Mondial du Multicoque. Horaires, tarifs, acc\u00e8s...\",\"breadcrumb\":{\"@id\":\"https:\/\/demo.multicoque-online.com\/en\/useful-information\/#breadcrumb\"},\"inLanguage\":\"en-GB\",\"potentialAction\":[{\"@type\":\"ReadAction\",\"target\":[\"https:\/\/demo.multicoque-online.com\/en\/useful-information\/\"]}]},{\"@type\":\"ImageObject\",\"inLanguage\":\"en-GB\",\"@id\":\"https:\/\/demo.multicoque-online.com\/en\/useful-information\/#primaryimage\",\"url\":\"https:\/\/demo.multicoque-online.com\/uploads\/2025\/07\/montpellier-VTC.png\",\"contentUrl\":\"https:\/\/demo.multicoque-online.com\/uploads\/2025\/07\/montpellier-VTC.png\"},{\"@type\":\"BreadcrumbList\",\"@id\":\"https:\/\/demo.multicoque-online.com\/en\/useful-information\/#breadcrumb\",\"itemListElement\":[{\"@type\":\"ListItem\",\"position\":1,\"name\":\"Accueil\",\"item\":\"https:\/\/demo.multicoque-online.com\/en\/\"},{\"@type\":\"ListItem\",\"position\":2,\"name\":\"Infos pratiques\"}]},{\"@type\":\"WebSite\",\"@id\":\"https:\/\/demo.multicoque-online.com\/en\/#website\",\"url\":\"https:\/\/demo.multicoque-online.com\/en\/\",\"name\":\"Multicoque\",\"description\":\"\",\"potentialAction\":[{\"@type\":\"SearchAction\",\"target\":{\"@type\":\"EntryPoint\",\"urlTemplate\":\"https:\/\/demo.multicoque-online.com\/en\/?s={search_term_string}\"},\"query-input\":{\"@type\":\"PropertyValueSpecification\",\"valueRequired\":true,\"valueName\":\"search_term_string\"}}],\"inLanguage\":\"en-GB\"}]}<\/script>\n<!-- \/ Yoast SEO plugin. -->","yoast_head_json":{"title":"Infos pratiques - Multicoque","description":"Consult our practical information to prepare your visit to the Salon Mondial du Multicoque. Schedules, prices, access: everything you need for a successful experience.","robots":{"index":"noindex","follow":"follow","max-snippet":"max-snippet:-1","max-image-preview":"max-image-preview:large","max-video-preview":"max-video-preview:-1"},"og_locale":"en_GB","og_type":"article","og_title":"Infos pratiques - Multicoque","og_description":"Consultez nos informations pratiques pour pr\u00e9parer votre visite au Salon Mondial du Multicoque. Horaires, tarifs, acc\u00e8s...","og_url":"https:\/\/demo.multicoque-online.com\/en\/useful-information\/","og_site_name":"Multicoque","article_modified_time":"2025-07-15T09:10:22+00:00","og_image":[{"url":"https:\/\/demo.multicoque-online.com\/uploads\/2025\/07\/montpellier-VTC.png"}],"twitter_card":"summary_large_image","twitter_misc":{"Estimated reading time":"4 minutes"},"schema":{"@context":"https:\/\/schema.org","@graph":[{"@type":"WebPage","@id":"https:\/\/demo.multicoque-online.com\/en\/useful-information\/","url":"https:\/\/demo.multicoque-online.com\/en\/useful-information\/","name":"Infos pratiques - Multicoque","isPartOf":{"@id":"https:\/\/demo.multicoque-online.com\/en\/#website"},"primaryImageOfPage":{"@id":"https:\/\/demo.multicoque-online.com\/en\/useful-information\/#primaryimage"},"image":{"@id":"https:\/\/demo.multicoque-online.com\/en\/useful-information\/#primaryimage"},"thumbnailUrl":"https:\/\/demo.multicoque-online.com\/uploads\/2025\/07\/montpellier-VTC.png","datePublished":"2024-01-17T19:33:57+00:00","dateModified":"2025-07-15T09:10:22+00:00","description":"Consult our practical information to prepare your visit to the Salon Mondial du Multicoque. Schedules, prices, access: everything you need for a successful experience.","breadcrumb":{"@id":"https:\/\/demo.multicoque-online.com\/en\/useful-information\/#breadcrumb"},"inLanguage":"en-GB","potentialAction":[{"@type":"ReadAction","target":["https:\/\/demo.multicoque-online.com\/en\/useful-information\/"]}]},{"@type":"ImageObject","inLanguage":"en-GB","@id":"https:\/\/demo.multicoque-online.com\/en\/useful-information\/#primaryimage","url":"https:\/\/demo.multicoque-online.com\/uploads\/2025\/07\/montpellier-VTC.png","contentUrl":"https:\/\/demo.multicoque-online.com\/uploads\/2025\/07\/montpellier-VTC.png"},{"@type":"BreadcrumbList","@id":"https:\/\/demo.multicoque-online.com\/en\/useful-information\/#breadcrumb","itemListElement":[{"@type":"ListItem","position":1,"name":"Accueil","item":"https:\/\/demo.multicoque-online.com\/en\/"},{"@type":"ListItem","position":2,"name":"Infos pratiques"}]},{"@type":"WebSite","@id":"https:\/\/demo.multicoque-online.com\/en\/#website","url":"https:\/\/demo.multicoque-online.com\/en\/","name":"Multihull","description":"","potentialAction":[{"@type":"SearchAction","target":{"@type":"EntryPoint","urlTemplate":"https:\/\/demo.multicoque-online.com\/en\/?s={search_term_string}"},"query-input":{"@type":"PropertyValueSpecification","valueRequired":true,"valueName":"search_term_string"}}],"inLanguage":"en-GB"}]}},"_links":{"self":[{"href":"https:\/\/demo.multicoque-online.com\/en\/wp-json\/wp\/v2\/pages\/402"}],"collection":[{"href":"https:\/\/demo.multicoque-online.com\/en\/wp-json\/wp\/v2\/pages"}],"about":[{"href":"https:\/\/demo.multicoque-online.com\/en\/wp-json\/wp\/v2\/types\/page"}],"author":[{"embeddable":true,"href":"https:\/\/demo.multicoque-online.com\/en\/wp-json\/wp\/v2\/users\/1"}],"replies":[{"embeddable":true,"href":"https:\/\/demo.multicoque-online.com\/en\/wp-json\/wp\/v2\/comments?post=402"}],"version-history":[{"count":1,"href":"https:\/\/demo.multicoque-online.com\/en\/wp-json\/wp\/v2\/pages\/402\/revisions"}],"predecessor-version":[{"id":6728,"href":"https:\/\/demo.multicoque-online.com\/en\/wp-json\/wp\/v2\/pages\/402\/revisions\/6728"}],"wp:attachment":[{"href":"https:\/\/demo.multicoque-online.com\/en\/wp-json\/wp\/v2\/media?parent=402"}],"curies":[{"name":"wp","href":"https:\/\/api.w.org\/{rel}","templated":true}]}}