{"id":402,"date":"2024-01-17T20:33:57","date_gmt":"2024-01-17T19:33:57","guid":{"rendered":"https:\/\/multicoque.ae2agence.ovh\/?page_id=402"},"modified":"2025-07-15T11:10:22","modified_gmt":"2025-07-15T09:10:22","slug":"infos-pratiques","status":"publish","type":"page","link":"https:\/\/demo.multicoque-online.com\/fr\/infos-pratiques\/","title":{"rendered":"Infos pratiques"},"content":{"rendered":"<div id='av-layout-grid-1'  class='av-layout-grid-container av-1bmme2-c97733860e64bc65d62fb8bd237fcaaf entry-content-wrapper main_color av-flex-cells  avia-builder-el-0  avia-builder-el-no-sibling  gridtypemlcq  container_wrap fullsize'  >\n\n<style type=\"text\/css\" data-created_by=\"avia_inline_auto\" id=\"style-css-av-14rxzm-2acea56ff4a57669316246a254c765e2\">\n.flex_cell.av-14rxzm-2acea56ff4a57669316246a254c765e2{\nvertical-align:top;\n}\n<\/style>\n<div class='flex_cell av-14rxzm-2acea56ff4a57669316246a254c765e2 av-gridrow-cell av_three_fourth no_margin  avia-builder-el-1  el_before_av_cell_one_fourth  avia-builder-el-first ' ><div class='flex_cell_inner'><p>\n<style type=\"text\/css\" data-created_by=\"avia_inline_auto\" id=\"style-css-av-m6i6tayv-7fff658d09d1e8d612fc90576a6cda9a\">\n.avia-image-container.av-m6i6tayv-7fff658d09d1e8d612fc90576a6cda9a img.avia_image{\nbox-shadow:none;\n}\n.avia-image-container.av-m6i6tayv-7fff658d09d1e8d612fc90576a6cda9a .av-image-caption-overlay-center{\ncolor:#ffffff;\n}\n<\/style>\n<div  class='avia-image-container av-m6i6tayv-7fff658d09d1e8d612fc90576a6cda9a av-styling- avia-align-center  avia-builder-el-2  el_before_av_image  avia-builder-el-first  av-desktop-hide av-medium-hide'   itemprop=\"image\" itemscope=\"itemscope\" itemtype=\"https:\/\/schema.org\/ImageObject\" ><div class=\"avia-image-container-inner\"><div class=\"avia-image-overlay-wrap\"><a href=\"http:\/\/www.catamarans-fountaine-pajot.com\/salon-international-du-multicoque-de-la-grande-motte\/?utm_source=LGM-digital-banner&amp;utm_medium=Display-fr&amp;utm_campaign=BAN-LGM\" class='avia_image' target=\"_blank\" rel=\"noopener noreferrer\"><img decoding=\"async\" class='wp-image-4863 avia-img-lazy-loading-not-4863 avia_image ' src=\"https:\/\/demo.multicoque-online.com\/uploads\/2025\/01\/Ban-rubrique-LeSalon-LGM-25-mobile.jpg\" alt='' title='Ban-rubrique-LeSalon-LGM-25-mobile'  height=\"200\" width=\"400\"  itemprop=\"thumbnailUrl\" srcset=\"https:\/\/demo.multicoque-online.com\/uploads\/2025\/01\/Ban-rubrique-LeSalon-LGM-25-mobile.jpg 400w, https:\/\/demo.multicoque-online.com\/uploads\/2025\/01\/Ban-rubrique-LeSalon-LGM-25-mobile-300x150.jpg 300w, https:\/\/demo.multicoque-online.com\/uploads\/2025\/01\/Ban-rubrique-LeSalon-LGM-25-mobile-18x9.jpg 18w\" sizes=\"(max-width: 400px) 100vw, 400px\" \/><\/a><\/div><\/div><\/div><br \/>\n\n<style type=\"text\/css\" data-created_by=\"avia_inline_auto\" id=\"style-css-av-m6i6u3ps-265546ccbdce9e50c649d307985f85a9\">\n.avia-image-container.av-m6i6u3ps-265546ccbdce9e50c649d307985f85a9 img.avia_image{\nbox-shadow:none;\n}\n.avia-image-container.av-m6i6u3ps-265546ccbdce9e50c649d307985f85a9 .av-image-caption-overlay-center{\ncolor:#ffffff;\n}\n<\/style>\n<div  class='avia-image-container av-m6i6u3ps-265546ccbdce9e50c649d307985f85a9 av-styling- avia-align-center  avia-builder-el-3  el_after_av_image  el_before_av_one_full  av-small-hide av-mini-hide'   itemprop=\"image\" itemscope=\"itemscope\" itemtype=\"https:\/\/schema.org\/ImageObject\" ><div class=\"avia-image-container-inner\"><div class=\"avia-image-overlay-wrap\"><a href=\"http:\/\/www.catamarans-fountaine-pajot.com\/salon-international-du-multicoque-de-la-grande-motte\/?utm_source=LGM-digital-banner&amp;utm_medium=Display-fr&amp;utm_campaign=BAN-LGM\" class='avia_image' target=\"_blank\" rel=\"noopener noreferrer\"><img decoding=\"async\" class='wp-image-4862 avia-img-lazy-loading-not-4862 avia_image ' src=\"https:\/\/demo.multicoque-online.com\/uploads\/2025\/01\/Ban-rubrique-LeSalon-LGM-25-desktop.jpg\" alt='' title='Ban-rubrique-LeSalon-LGM-25-desktop'  height=\"100\" width=\"2000\"  itemprop=\"thumbnailUrl\" srcset=\"https:\/\/demo.multicoque-online.com\/uploads\/2025\/01\/Ban-rubrique-LeSalon-LGM-25-desktop.jpg 2000w, https:\/\/demo.multicoque-online.com\/uploads\/2025\/01\/Ban-rubrique-LeSalon-LGM-25-desktop-300x15.jpg 300w, https:\/\/demo.multicoque-online.com\/uploads\/2025\/01\/Ban-rubrique-LeSalon-LGM-25-desktop-1030x52.jpg 1030w, https:\/\/demo.multicoque-online.com\/uploads\/2025\/01\/Ban-rubrique-LeSalon-LGM-25-desktop-768x38.jpg 768w, https:\/\/demo.multicoque-online.com\/uploads\/2025\/01\/Ban-rubrique-LeSalon-LGM-25-desktop-1536x77.jpg 1536w, https:\/\/demo.multicoque-online.com\/uploads\/2025\/01\/Ban-rubrique-LeSalon-LGM-25-desktop-18x1.jpg 18w, https:\/\/demo.multicoque-online.com\/uploads\/2025\/01\/Ban-rubrique-LeSalon-LGM-25-desktop-1500x75.jpg 1500w, https:\/\/demo.multicoque-online.com\/uploads\/2025\/01\/Ban-rubrique-LeSalon-LGM-25-desktop-705x35.jpg 705w\" sizes=\"(max-width: 2000px) 100vw, 2000px\" \/><\/a><\/div><\/div><\/div><br \/>\n<div class='flex_column av-wgyve-507b812b1cace216c1f00205b687403f av_one_full  avia-builder-el-4  el_after_av_image  el_before_av_one_full  first flex_column_div '     ><section  class='av_textblock_section av-lri6l906-770edeec7a3b2acf04b21e9729a4e3dc'  itemscope=\"itemscope\" itemtype=\"https:\/\/schema.org\/CreativeWork\" ><div class='avia_textblock titrehn'  itemprop=\"text\" ><h1>Informations pratiques<\/h1>\n<\/div><\/section><\/div><div class='flex_column av-rpvx6-5c898f38bd31f91e1aa06eaf53d9b7b6 av_one_full  avia-builder-el-6  el_after_av_one_full  avia-builder-el-last  first flex_column_div column-top-margin'     ><section  class='av_textblock_section av-lri6le7p-a76ef82acf264f49243ff108e7cdd913'  itemscope=\"itemscope\" itemtype=\"https:\/\/schema.org\/CreativeWork\" ><div class='avia_textblock'  itemprop=\"text\" ><h2>Dates et horaires<\/h2>\n<p><strong>Du 22 avril 2025 au 26 avril<\/strong>\u00a0<strong>2026<\/strong><br \/>\n(horaires en cours d&rsquo;\u00e9laboration)<\/p>\n<h2>Tarifs<\/h2>\n<p>Offre en cours d&rsquo;\u00e9laboration<\/p>\n<p>Plein tarif : 10\u20ac<br \/>\nPass 5 jours : 30\u20ac<br \/>\nMoins de 16 ans \/ Etudiants* : GRATUIT<br \/>\n*sur pr\u00e9sentation d\u2019un justificatif<br \/>\nPaiements accept\u00e9s : esp\u00e8ces, carte bancaire<\/p>\n<div class=\"doublebutton\" style=\"display: block !important; margin-bottom: 40px; margin-top: 0;\"><a style=\"display: none;\" href=\"#\">#<\/a><br \/>\n<a style=\"margin-right: 0;\" href=\"https:\/\/demo.multicoque-online.com\/fr\/billetterie\/\">Acheter un billet<\/a><\/div>\n<h2>Localisation<\/h2>\n<p>La Grande-Motte (34), France<\/p>\n<\/div><\/section><br \/>\n<br \/>\n\n<style type=\"text\/css\" data-created_by=\"avia_inline_auto\" id=\"style-css-av-md4b6b1y-b73f34ac5596fa153654f3ace55b5bae\">\n#top .hr.hr-invisible.av-md4b6b1y-b73f34ac5596fa153654f3ace55b5bae{\nheight:50px;\n}\n<\/style>\n<div  class='hr av-md4b6b1y-b73f34ac5596fa153654f3ace55b5bae hr-invisible  avia-builder-el-9  el_after_av_codeblock  el_before_av_textblock '><span class='hr-inner '><span class=\"hr-inner-style\"><\/span><\/span><\/div><br \/>\n<section  class='av_textblock_section av-lrj28f2y-722a3fa4a40afc859cd384e3e33a902b'  itemscope=\"itemscope\" itemtype=\"https:\/\/schema.org\/CreativeWork\" ><div class='avia_textblock'  itemprop=\"text\" ><h2>Se rendre au salon<\/h2>\n<p>Comment venir \u00e0 La Grande Motte ? Situ\u00e9e au bord de la M\u00e9diterran\u00e9e aux portes de la Camargue,<br \/>\nla cit\u00e9 est accessible par la route, l\u2019avion, le train, le bateau ou l\u2019autocar.<\/p>\n<p><strong>VTC\/TAXI<\/strong><\/p>\n<p><img loading=\"lazy\" decoding=\"async\" class=\"wp-image-6719 alignleft\" style=\"margin-top: 0px; margin-bottom: 0px; text-align: right;\" src=\"https:\/\/demo.multicoque-online.com\/uploads\/2025\/07\/montpellier-VTC.png\" alt=\"\" width=\"247\" height=\"141\" srcset=\"https:\/\/demo.multicoque-online.com\/uploads\/2025\/07\/montpellier-VTC.png 300w, https:\/\/demo.multicoque-online.com\/uploads\/2025\/07\/montpellier-VTC-18x10.png 18w\" sizes=\"(max-width: 247px) 100vw, 247px\" \/>Romain Girona- Montpellier VTC &#8211;<\/p>\n<p><a href=\"tel:+33622720864\">+33 6 22 72 08 64<\/a><\/p>\n<p><a href=\"mailto:contact@montpelliervtc.fr\">contact@montpelliervtc.fr<\/a><\/p>\n<p>Site web: <a href=\"http:\/\/www.montpelliervtc.fr\/\">www.montpelliervtc.fr<\/a><\/p>\n<div>\n<strong>Par la route<\/strong><\/p>\n<p>&#8211; Autoroute A75 en provenance de Paris et du Centre de la France<br \/>\n&#8211; Autoroute A9 en provenance de Lyon<br \/>\n&#8211; Autoroute A 61 en provenance de Toulouse<br \/>\n&#8211; Sortie 26 (Gallargues &#8211; Aigues Mortes &#8211; Le Grau du Roi) en venant par l\u2019Est ou le Nord<br \/>\n&#8211; Sortie 29 (Montpellier-Est &#8211; Carnon &#8211; La Grande Motte) en venant de l\u2019Ouest<br \/>\n&#8211; Deux voies express (20 km dans les deux cas) relient La Grande-Motte \u00e0 l\u2019autoroute A9<br \/>\n&#8211; Bison fut\u00e9 : T\u00e9l. 04 91 78 78 78 (Marseille) &#8211; www.bison-fute.equipement.gouv.fr\/<br \/>\n&#8211; Autoroutes informations &#8211;\u00a0<a href=\"http:\/\/www.autoroutes.fr\/\">www.autoroutes.fr<\/a><\/p>\n<p><strong>En avion<\/strong><br \/>\n&#8211; A\u00e9roport Montpellier-M\u00e9diterran\u00e9e (10 km)<br \/>\nT\u00e9l. 04 67 20 85 85<br \/>\n<a href=\"https:\/\/www.montpellier.aeroport.fr\/\">www.montpellier.aeroport.fr<\/a><br \/>\n&#8211; A\u00e9roport de N\u00eemes-Arles-Camargue (35 km)<br \/>\nT\u00e9l. 04 66 70 49 49<br \/>\n<a href=\"https:\/\/www.nimes.aeroport.fr\/\">www.aeroport-nimes.fr<\/a><\/p>\n<p><strong>De l&rsquo;a\u00e9roport<\/strong>, vous trouverez une navette qui vous emm\u00e8nera \u00e0 la Place de France \u00e0 Montpellier (Centre Commercial Odysseum). Ensuite, vous pourrez prendre le bus n\u00b0606 et vous arr\u00eater \u00e0 l&rsquo;arr\u00eat Grande Pyramide &#8211; Port de la Grande Motte. (environ 45min)<\/p>\n<p><strong>En train<\/strong><br \/>\nDes liaisons quotidiennes avec toutes les grandes villes,<br \/>\nmais surtout avec le TGV qui arrive en gare de<br \/>\nMontpellier.<br \/>\nPrendre ensuite le tramway ligne n\u00b01 en direction de<br \/>\nOdysseum, descendre place de France o\u00f9 un service<br \/>\nr\u00e9gulier de cars assure le transfert aller-retour<br \/>\n\u00e0 La Grande-Motte (ligne 106).<br \/>\n&#8211; Gare TGV de Montpellier \u00e0 21 km<br \/>\nT\u00e9l : 3635 SNCF &#8211;\u00a0<a href=\"http:\/\/www.voyages-sncf.com\/\">www.voyages-sncf.com<\/a><\/p>\n<p><strong>De la gare Saint Roch de Montpellier<\/strong>, vous pourrez prendre le tram bleu, ligne 1, et vous arr\u00eater \u00e0 la Place de France, puis prendre le bus n\u00b0606. Et vous arr\u00eater \u00e0 l&rsquo;arr\u00eat Grande Pyramide &#8211; Port, de la Grande Motte. (environ 1h)<\/p>\n<p><strong>De la gare Sud de France de Montpellier<\/strong>, vous pourrez prendre le bus n\u00b0606 et vous arr\u00eater \u00e0 l&rsquo;arr\u00eat Grande Pyramide &#8211; Port, de la Grande Motte. (environ 30min)<\/p>\n<p><strong>En bus<\/strong><br \/>\nLiaisons r\u00e9guli\u00e8res toute l\u2019ann\u00e9e.<\/p>\n<p>&#8211; H\u00e9rault transport<br \/>\nAller-retour Montpellier &#8211; Carnon &#8211; La Grande Motte<br \/>\nT\u00e9l. 04 34 888 999 &#8211; Site internet avec horaires :\u00a0<a href=\"http:\/\/www.herault-transport.fr\/\">www.herault-transport.fr<\/a><\/p>\n<p>&#8211; Bus du Pays de l&rsquo;Or: De P\u00e9rols , arr\u00eat Etang de l&rsquo;Or, prendre ligne 4 pour vous emmenez \u00e0 l&rsquo;arr\u00eat Grande Pyramide &#8211; La Grande-Motte (45min)<\/p>\n<p>&#8211; De la gare routi\u00e8re de N\u00eemes, prendre le C132 et se rendre juqu&rsquo;\u00e0 l&rsquo;arr\u00eat Port &#8211; la Grande Motte (1.60\u20ac le ticket, 1h15 de trajet).<\/p>\n<p><strong>Plan de stationnement\u00a0<\/strong><\/p>\n<p><img loading=\"lazy\" decoding=\"async\" class=\"alignnone wp-image-6433\" src=\"https:\/\/demo.multicoque-online.com\/uploads\/2025\/04\/Capture-decran-2025-04-23-a-07.28.50-300x198.png\" alt=\"\" width=\"441\" height=\"291\" srcset=\"https:\/\/demo.multicoque-online.com\/uploads\/2025\/04\/Capture-decran-2025-04-23-a-07.28.50-300x198.png 300w, https:\/\/demo.multicoque-online.com\/uploads\/2025\/04\/Capture-decran-2025-04-23-a-07.28.50-1030x679.png 1030w, https:\/\/demo.multicoque-online.com\/uploads\/2025\/04\/Capture-decran-2025-04-23-a-07.28.50-768x506.png 768w, https:\/\/demo.multicoque-online.com\/uploads\/2025\/04\/Capture-decran-2025-04-23-a-07.28.50-18x12.png 18w, https:\/\/demo.multicoque-online.com\/uploads\/2025\/04\/Capture-decran-2025-04-23-a-07.28.50-705x465.png 705w, https:\/\/demo.multicoque-online.com\/uploads\/2025\/04\/Capture-decran-2025-04-23-a-07.28.50.png 1486w\" sizes=\"(max-width: 441px) 100vw, 441px\" \/><\/p>\n<\/div><\/section><br \/>\n<section  class='av_textblock_section av-m9ibm33t-9b461cce2a1ac5485772b9dc1ee058b5'  itemscope=\"itemscope\" itemtype=\"https:\/\/schema.org\/CreativeWork\" ><div class='avia_textblock'  itemprop=\"text\" ><h2>Cap sur la C\u00f4te M\u00e9diterran\u00e9e en\u00a0 Occitanie<\/h2>\n<p class=\"text-build-content\">Profitez de votre venue au Salon pour d\u00e9couvrir les p\u00e9pites de la\u00a0<a class=\"link-build-content\" href=\"https:\/\/www.tourisme-occitanie.com\/destinations\/nos-4-univers\/mediterranee-occitanie\/\" target=\"_blank\" rel=\"noopener\"><u>C\u00f4te M\u00e9diterran\u00e9e<\/u><\/a>\u00a0ainsi que les richesses touristiques de l\u2019arri\u00e8re-pays \u00e0 d\u00e9couvrir gr\u00e2ce \u00e0 l<a class=\"link-build-content\" href=\"https:\/\/www.tourisme-occitanie.com\/rail-tour\/\" target=\"_blank\" rel=\"noopener\"><u>\u2019Occitanie Rail Tour<\/u><\/a>.<\/p>\n<\/div><\/section><\/p><\/div><\/p>\n<\/div><\/div>\n<style type=\"text\/css\" data-created_by=\"avia_inline_auto\" id=\"style-css-av-1vhbm-9f4bddf5c9502aee2ca3a6e5af941f88\">\n.flex_cell.av-1vhbm-9f4bddf5c9502aee2ca3a6e5af941f88{\nvertical-align:top;\n}\n<\/style>\n<div class='flex_cell av-1vhbm-9f4bddf5c9502aee2ca3a6e5af941f88 av-gridrow-cell av_one_fourth no_margin  avia-builder-el-12  el_after_av_cell_three_fourth  avia-builder-el-last ' ><div class='flex_cell_inner'><div class='flex_column av-ei6x6-0a6a946485cae6955203554370830dc3 av_one_full  avia-builder-el-13  avia-builder-el-no-sibling  first flex_column_div '     ><section  class='av_textblock_section av-77wsi-0f0dc27e42712305149e93d92a454074'  itemscope=\"itemscope\" itemtype=\"https:\/\/schema.org\/CreativeWork\" ><div class='avia_textblock'  itemprop=\"text\" ><p><iframe loading=\"lazy\" class=\"\" style=\"border: none; visibility: visible; width: 275px; height: 390px;\" title=\"fb:page Facebook Social Plugin\" src=\"https:\/\/www.facebook.com\/v3.2\/plugins\/page.php?adapt_container_width=true&#038;app_id=1101047086724778&#038;channel=https%3A%2F%2Fstaticxx.facebook.com%2Fx%2Fconnect%2Fxd_arbiter%2F%3Fversion%3D46%23cb%3Df290795d4018d28%26domain%3Dwww.multicoque-online.com%26is_canvas%3Dfalse%26origin%3Dhttps%253A%252F%252Fwww.multicoque-online.com%252Ff13c0ab6d92d08%26relation%3Dparent.parent&#038;container_width=275&#038;height=390&#038;hide_cover=true&#038;href=https%3A%2F%2Fwww.facebook.com%2FInternationalMultihullShow%2F&#038;locale=fr_FR&#038;sdk=joey&#038;show_facepile=false&#038;small_header=true&#038;tabs=timeline\" name=\"f228380b3f2f8e\" width=\"1000px\" height=\"390px\" frameborder=\"0\" scrolling=\"no\" allowfullscreen=\"allowfullscreen\" data-testid=\"fb:page Facebook Social Plugin\"><\/iframe><\/p>\n<\/div><\/section><\/div>\n<\/div><\/div><\/div>\n","protected":false},"excerpt":{"rendered":"","protected":false},"author":1,"featured_media":0,"parent":0,"menu_order":0,"comment_status":"closed","ping_status":"closed","template":"","meta":{"inline_featured_image":false,"footnotes":""},"acf":[],"yoast_head":"<!-- This site is optimized with the Yoast SEO plugin v23.4 - https:\/\/yoast.com\/wordpress\/plugins\/seo\/ -->\n<title>Infos pratiques - Multicoque<\/title>\n<meta name=\"description\" content=\"Consultez nos informations pratiques pour pr\u00e9parer votre visite au Salon Mondial du Multicoque. Horaires, tarifs, acc\u00e8s...\" \/>\n<meta name=\"robots\" content=\"noindex, follow, max-snippet:-1, max-image-preview:large, max-video-preview:-1\" \/>\n<meta property=\"og:locale\" content=\"fr_FR\" \/>\n<meta property=\"og:type\" content=\"article\" \/>\n<meta property=\"og:title\" content=\"Infos pratiques - Multicoque\" \/>\n<meta property=\"og:description\" content=\"Consultez nos informations pratiques pour pr\u00e9parer votre visite au Salon Mondial du Multicoque. Horaires, tarifs, acc\u00e8s...\" \/>\n<meta property=\"og:url\" content=\"https:\/\/demo.multicoque-online.com\/fr\/infos-pratiques\/\" \/>\n<meta property=\"og:site_name\" content=\"Multicoque\" \/>\n<meta property=\"article:modified_time\" content=\"2025-07-15T09:10:22+00:00\" \/>\n<meta property=\"og:image\" content=\"https:\/\/demo.multicoque-online.com\/uploads\/2025\/07\/montpellier-VTC.png\" \/>\n<meta name=\"twitter:card\" content=\"summary_large_image\" \/>\n<meta name=\"twitter:label1\" content=\"Dur\u00e9e de lecture estim\u00e9e\" \/>\n\t<meta name=\"twitter:data1\" content=\"4 minutes\" \/>\n<script type=\"application\/ld+json\" class=\"yoast-schema-graph\">{\"@context\":\"https:\/\/schema.org\",\"@graph\":[{\"@type\":\"WebPage\",\"@id\":\"https:\/\/demo.multicoque-online.com\/fr\/infos-pratiques\/\",\"url\":\"https:\/\/demo.multicoque-online.com\/fr\/infos-pratiques\/\",\"name\":\"Infos pratiques - Multicoque\",\"isPartOf\":{\"@id\":\"https:\/\/demo.multicoque-online.com\/fr\/#website\"},\"primaryImageOfPage\":{\"@id\":\"https:\/\/demo.multicoque-online.com\/fr\/infos-pratiques\/#primaryimage\"},\"image\":{\"@id\":\"https:\/\/demo.multicoque-online.com\/fr\/infos-pratiques\/#primaryimage\"},\"thumbnailUrl\":\"https:\/\/demo.multicoque-online.com\/uploads\/2025\/07\/montpellier-VTC.png\",\"datePublished\":\"2024-01-17T19:33:57+00:00\",\"dateModified\":\"2025-07-15T09:10:22+00:00\",\"description\":\"Consultez nos informations pratiques pour pr\u00e9parer votre visite au Salon Mondial du Multicoque. Horaires, tarifs, acc\u00e8s...\",\"breadcrumb\":{\"@id\":\"https:\/\/demo.multicoque-online.com\/fr\/infos-pratiques\/#breadcrumb\"},\"inLanguage\":\"fr-FR\",\"potentialAction\":[{\"@type\":\"ReadAction\",\"target\":[\"https:\/\/demo.multicoque-online.com\/fr\/infos-pratiques\/\"]}]},{\"@type\":\"ImageObject\",\"inLanguage\":\"fr-FR\",\"@id\":\"https:\/\/demo.multicoque-online.com\/fr\/infos-pratiques\/#primaryimage\",\"url\":\"https:\/\/demo.multicoque-online.com\/uploads\/2025\/07\/montpellier-VTC.png\",\"contentUrl\":\"https:\/\/demo.multicoque-online.com\/uploads\/2025\/07\/montpellier-VTC.png\"},{\"@type\":\"BreadcrumbList\",\"@id\":\"https:\/\/demo.multicoque-online.com\/fr\/infos-pratiques\/#breadcrumb\",\"itemListElement\":[{\"@type\":\"ListItem\",\"position\":1,\"name\":\"Accueil\",\"item\":\"https:\/\/demo.multicoque-online.com\/fr\/\"},{\"@type\":\"ListItem\",\"position\":2,\"name\":\"Infos pratiques\"}]},{\"@type\":\"WebSite\",\"@id\":\"https:\/\/demo.multicoque-online.com\/fr\/#website\",\"url\":\"https:\/\/demo.multicoque-online.com\/fr\/\",\"name\":\"Multicoque\",\"description\":\"\",\"potentialAction\":[{\"@type\":\"SearchAction\",\"target\":{\"@type\":\"EntryPoint\",\"urlTemplate\":\"https:\/\/demo.multicoque-online.com\/fr\/?s={search_term_string}\"},\"query-input\":{\"@type\":\"PropertyValueSpecification\",\"valueRequired\":true,\"valueName\":\"search_term_string\"}}],\"inLanguage\":\"fr-FR\"}]}<\/script>\n<!-- \/ Yoast SEO plugin. -->","yoast_head_json":{"title":"Infos pratiques - Multicoque","description":"Consultez nos informations pratiques pour pr\u00e9parer votre visite au Salon Mondial du Multicoque. Horaires, tarifs, acc\u00e8s...","robots":{"index":"noindex","follow":"follow","max-snippet":"max-snippet:-1","max-image-preview":"max-image-preview:large","max-video-preview":"max-video-preview:-1"},"og_locale":"fr_FR","og_type":"article","og_title":"Infos pratiques - Multicoque","og_description":"Consultez nos informations pratiques pour pr\u00e9parer votre visite au Salon Mondial du Multicoque. Horaires, tarifs, acc\u00e8s...","og_url":"https:\/\/demo.multicoque-online.com\/fr\/infos-pratiques\/","og_site_name":"Multicoque","article_modified_time":"2025-07-15T09:10:22+00:00","og_image":[{"url":"https:\/\/demo.multicoque-online.com\/uploads\/2025\/07\/montpellier-VTC.png"}],"twitter_card":"summary_large_image","twitter_misc":{"Dur\u00e9e de lecture estim\u00e9e":"4 minutes"},"schema":{"@context":"https:\/\/schema.org","@graph":[{"@type":"WebPage","@id":"https:\/\/demo.multicoque-online.com\/fr\/infos-pratiques\/","url":"https:\/\/demo.multicoque-online.com\/fr\/infos-pratiques\/","name":"Infos pratiques - Multicoque","isPartOf":{"@id":"https:\/\/demo.multicoque-online.com\/fr\/#website"},"primaryImageOfPage":{"@id":"https:\/\/demo.multicoque-online.com\/fr\/infos-pratiques\/#primaryimage"},"image":{"@id":"https:\/\/demo.multicoque-online.com\/fr\/infos-pratiques\/#primaryimage"},"thumbnailUrl":"https:\/\/demo.multicoque-online.com\/uploads\/2025\/07\/montpellier-VTC.png","datePublished":"2024-01-17T19:33:57+00:00","dateModified":"2025-07-15T09:10:22+00:00","description":"Consultez nos informations pratiques pour pr\u00e9parer votre visite au Salon Mondial du Multicoque. Horaires, tarifs, acc\u00e8s...","breadcrumb":{"@id":"https:\/\/demo.multicoque-online.com\/fr\/infos-pratiques\/#breadcrumb"},"inLanguage":"fr-FR","potentialAction":[{"@type":"ReadAction","target":["https:\/\/demo.multicoque-online.com\/fr\/infos-pratiques\/"]}]},{"@type":"ImageObject","inLanguage":"fr-FR","@id":"https:\/\/demo.multicoque-online.com\/fr\/infos-pratiques\/#primaryimage","url":"https:\/\/demo.multicoque-online.com\/uploads\/2025\/07\/montpellier-VTC.png","contentUrl":"https:\/\/demo.multicoque-online.com\/uploads\/2025\/07\/montpellier-VTC.png"},{"@type":"BreadcrumbList","@id":"https:\/\/demo.multicoque-online.com\/fr\/infos-pratiques\/#breadcrumb","itemListElement":[{"@type":"ListItem","position":1,"name":"Accueil","item":"https:\/\/demo.multicoque-online.com\/fr\/"},{"@type":"ListItem","position":2,"name":"Infos pratiques"}]},{"@type":"WebSite","@id":"https:\/\/demo.multicoque-online.com\/fr\/#website","url":"https:\/\/demo.multicoque-online.com\/fr\/","name":"Multicoque","description":"","potentialAction":[{"@type":"SearchAction","target":{"@type":"EntryPoint","urlTemplate":"https:\/\/demo.multicoque-online.com\/fr\/?s={search_term_string}"},"query-input":{"@type":"PropertyValueSpecification","valueRequired":true,"valueName":"search_term_string"}}],"inLanguage":"fr-FR"}]}},"_links":{"self":[{"href":"https:\/\/demo.multicoque-online.com\/fr\/wp-json\/wp\/v2\/pages\/402"}],"collection":[{"href":"https:\/\/demo.multicoque-online.com\/fr\/wp-json\/wp\/v2\/pages"}],"about":[{"href":"https:\/\/demo.multicoque-online.com\/fr\/wp-json\/wp\/v2\/types\/page"}],"author":[{"embeddable":true,"href":"https:\/\/demo.multicoque-online.com\/fr\/wp-json\/wp\/v2\/users\/1"}],"replies":[{"embeddable":true,"href":"https:\/\/demo.multicoque-online.com\/fr\/wp-json\/wp\/v2\/comments?post=402"}],"version-history":[{"count":1,"href":"https:\/\/demo.multicoque-online.com\/fr\/wp-json\/wp\/v2\/pages\/402\/revisions"}],"predecessor-version":[{"id":6728,"href":"https:\/\/demo.multicoque-online.com\/fr\/wp-json\/wp\/v2\/pages\/402\/revisions\/6728"}],"wp:attachment":[{"href":"https:\/\/demo.multicoque-online.com\/fr\/wp-json\/wp\/v2\/media?parent=402"}],"curies":[{"name":"wp","href":"https:\/\/api.w.org\/{rel}","templated":true}]}}