{"id":706,"date":"2024-01-24T12:08:50","date_gmt":"2024-01-24T11:08:50","guid":{"rendered":"https:\/\/www.multicoque-online.com\/?page_id=706"},"modified":"2025-07-01T15:46:09","modified_gmt":"2025-07-01T13:46:09","slug":"706-2","status":"publish","type":"page","link":"https:\/\/demo.multicoque-online.com\/fr\/706-2\/","title":{"rendered":"Accr\u00e9ditation Presse"},"content":{"rendered":"<div id='av-layout-grid-1'  class='av-layout-grid-container av-lrg9taqy-07d36d88eaf1f9846db8223dfa0d90f1 entry-content-wrapper main_color av-flex-cells  avia-builder-el-0  avia-builder-el-no-sibling  gridtypemlcq  container_wrap fullsize'  >\n<div class='flex_cell av-2ps4e-808a6079baab7554e5288a4ca526c4ef av-gridrow-cell av_three_fourth no_margin  avia-builder-el-1  el_before_av_cell_one_fourth  avia-builder-el-first ' ><div class='flex_cell_inner'><div class='flex_column av-2pd6-f118e8b09c4894638c9601fb9d157434 av_one_full  avia-builder-el-2  avia-builder-el-no-sibling  first flex_column_div '     ><section  class='av_textblock_section av-lrkhy7vd-2e2a64afa12848f1f78d8b2f60a207c2'  itemscope=\"itemscope\" itemtype=\"https:\/\/schema.org\/CreativeWork\" ><div class='avia_textblock'  itemprop=\"text\" ><h2>ACCREDITATION DE PRESSE<\/h2>\n<\/div><\/section><br \/>\n<section  class='av_textblock_section av-lrrp7zqd-7e736e0426668feea2153f44f356527a'  itemscope=\"itemscope\" itemtype=\"https:\/\/schema.org\/CreativeWork\" ><div class='avia_textblock'  itemprop=\"text\" ><\/div><\/section><br \/>\n<section  class='av_textblock_section av-lt5rc2kg-bef43c55782d89fbc98feac95f9b3323'  itemscope=\"itemscope\" itemtype=\"https:\/\/schema.org\/CreativeWork\" ><div class='avia_textblock'  itemprop=\"text\" ><div class=\"avia_textblock\">\n<p data-start=\"102\" data-end=\"286\">Les demandes d\u2019accr\u00e9ditation presse pour l\u2019International Multihull Show 2025 sont d\u00e9sormais closes. Toute entr\u00e9e sur le salon n\u00e9cessite une demande pr\u00e9alable, soumise \u00e0 validation.<\/p>\n<p data-start=\"288\" data-end=\"478\">Les journalistes et m\u00e9dias dont l\u2019accr\u00e9ditation est accept\u00e9e recevront une confirmation par e-mail. Les demandes non \u00e9ligibles seront notifi\u00e9es par M2Organisation, organisateur du salon.<\/p>\n<p data-start=\"480\" data-end=\"572\">Pour toute question relative \u00e0 la presse, merci de contacter : <a class=\"cursor-pointer\" rel=\"noopener\" data-start=\"545\" data-end=\"569\">press@m2organisation.com\u00a0<\/a><\/p>\n<\/div>\n<\/div><\/section><br \/>\n<section  class='av_textblock_section av-72rua-70668ade514f6bc69c2c870cc2b45789'  itemscope=\"itemscope\" itemtype=\"https:\/\/schema.org\/CreativeWork\" ><div class='av-desktop-hide av-medium-hide av-small-hide av-mini-hide avia_textblock'  itemprop=\"text\" ><div class=\"avia_textblock\">\n<p class=\"paragraph\" style=\"margin: 0cm; vertical-align: baseline;\"><span style=\"font-size: 12.0pt;\">Vos demandes devront \u00eatre effectu\u00e9es avant le 9 avril.<\/span><\/p>\n<p class=\"paragraph\" style=\"margin: 0cm; vertical-align: baseline;\"><span style=\"font-size: 12.0pt;\">Vos badges PRESSE pourront \u00eatre r\u00e9cup\u00e9r\u00e9s d\u00e8s le 22 avril \u00e0 partir de 14h00 au Commissariat G\u00e9n\u00e9ral (DESK PRESS) situ\u00e9 au niveau de l\u2019entr\u00e9e principale du Salon.<\/span><\/p>\n<p><a class=\"ctatimer\" style=\"border: 1px solid #431D8F !important; margin-top: 20px;\" href=\"https:\/\/salonmulticoque0425.site.calypso-event.net\/presse\/coordonnees.htm\" target=\"_blank\" rel=\"noopener\">JE DEMANDE MON BADGE PRESSE<\/a><\/p>\n<\/div>\n<\/div><\/section><\/p><\/div>\n<\/div><\/div><div class='flex_cell av-25e0m-90dfd2fb9ddc3ea9c88f09ef450e6d7d av-gridrow-cell av_one_fourth no_margin  avia-builder-el-7  el_after_av_cell_three_fourth  avia-builder-el-last ' ><div class='flex_cell_inner'><div class='flex_column av-1pkf2-91704c4fb7833e50f0237b84110b75bf av_one_full  avia-builder-el-8  avia-builder-el-no-sibling  first flex_column_div '     ><section  class='av_textblock_section av-oyd2-8c45ab18d763045033701bf4e28b8212'  itemscope=\"itemscope\" itemtype=\"https:\/\/schema.org\/CreativeWork\" ><div class='avia_textblock'  itemprop=\"text\" ><p><iframe loading=\"lazy\" class=\"\" style=\"border: none; visibility: visible; width: 275px; height: 390px;\" title=\"fb:page Facebook Social Plugin\" src=\"https:\/\/www.facebook.com\/v3.2\/plugins\/page.php?adapt_container_width=true&#038;app_id=1101047086724778&#038;channel=https%3A%2F%2Fstaticxx.facebook.com%2Fx%2Fconnect%2Fxd_arbiter%2F%3Fversion%3D46%23cb%3Df290795d4018d28%26domain%3Dwww.multicoque-online.com%26is_canvas%3Dfalse%26origin%3Dhttps%253A%252F%252Fwww.multicoque-online.com%252Ff13c0ab6d92d08%26relation%3Dparent.parent&#038;container_width=275&#038;height=390&#038;hide_cover=true&#038;href=https%3A%2F%2Fwww.facebook.com%2FInternationalMultihullShow%2F&#038;locale=fr_FR&#038;sdk=joey&#038;show_facepile=false&#038;small_header=true&#038;tabs=timeline\" name=\"f228380b3f2f8e\" width=\"1000px\" height=\"390px\" frameborder=\"0\" scrolling=\"no\" allowfullscreen=\"allowfullscreen\" data-testid=\"fb:page Facebook Social Plugin\"><\/iframe><\/p>\n<\/div><\/section><\/div>\n<\/div><\/div><\/div>\n","protected":false},"excerpt":{"rendered":"","protected":false},"author":1,"featured_media":0,"parent":0,"menu_order":0,"comment_status":"closed","ping_status":"closed","template":"","meta":{"inline_featured_image":false,"footnotes":""},"acf":[],"yoast_head":"<!-- This site is optimized with the Yoast SEO plugin v23.4 - https:\/\/yoast.com\/wordpress\/plugins\/seo\/ -->\n<title>Accr\u00e9ditation Presse - Multicoque<\/title>\n<meta name=\"robots\" content=\"noindex, follow, max-snippet:-1, max-image-preview:large, max-video-preview:-1\" \/>\n<meta property=\"og:locale\" content=\"fr_FR\" \/>\n<meta property=\"og:type\" content=\"article\" \/>\n<meta property=\"og:title\" content=\"Accr\u00e9ditation Presse - Multicoque\" \/>\n<meta property=\"og:url\" content=\"https:\/\/demo.multicoque-online.com\/fr\/706-2\/\" \/>\n<meta property=\"og:site_name\" content=\"Multicoque\" \/>\n<meta property=\"article:modified_time\" content=\"2025-07-01T13:46:09+00:00\" \/>\n<meta name=\"twitter:card\" content=\"summary_large_image\" \/>\n<meta name=\"twitter:label1\" content=\"Dur\u00e9e de lecture estim\u00e9e\" \/>\n\t<meta name=\"twitter:data1\" content=\"1 minute\" \/>\n<script type=\"application\/ld+json\" class=\"yoast-schema-graph\">{\"@context\":\"https:\/\/schema.org\",\"@graph\":[{\"@type\":\"WebPage\",\"@id\":\"https:\/\/demo.multicoque-online.com\/fr\/706-2\/\",\"url\":\"https:\/\/demo.multicoque-online.com\/fr\/706-2\/\",\"name\":\"Accr\u00e9ditation Presse - Multicoque\",\"isPartOf\":{\"@id\":\"https:\/\/demo.multicoque-online.com\/fr\/#website\"},\"datePublished\":\"2024-01-24T11:08:50+00:00\",\"dateModified\":\"2025-07-01T13:46:09+00:00\",\"breadcrumb\":{\"@id\":\"https:\/\/demo.multicoque-online.com\/fr\/706-2\/#breadcrumb\"},\"inLanguage\":\"fr-FR\",\"potentialAction\":[{\"@type\":\"ReadAction\",\"target\":[\"https:\/\/demo.multicoque-online.com\/fr\/706-2\/\"]}]},{\"@type\":\"BreadcrumbList\",\"@id\":\"https:\/\/demo.multicoque-online.com\/fr\/706-2\/#breadcrumb\",\"itemListElement\":[{\"@type\":\"ListItem\",\"position\":1,\"name\":\"Accueil\",\"item\":\"https:\/\/demo.multicoque-online.com\/fr\/\"},{\"@type\":\"ListItem\",\"position\":2,\"name\":\"Accr\u00e9ditation Presse\"}]},{\"@type\":\"WebSite\",\"@id\":\"https:\/\/demo.multicoque-online.com\/fr\/#website\",\"url\":\"https:\/\/demo.multicoque-online.com\/fr\/\",\"name\":\"Multicoque\",\"description\":\"\",\"potentialAction\":[{\"@type\":\"SearchAction\",\"target\":{\"@type\":\"EntryPoint\",\"urlTemplate\":\"https:\/\/demo.multicoque-online.com\/fr\/?s={search_term_string}\"},\"query-input\":{\"@type\":\"PropertyValueSpecification\",\"valueRequired\":true,\"valueName\":\"search_term_string\"}}],\"inLanguage\":\"fr-FR\"}]}<\/script>\n<!-- \/ Yoast SEO plugin. -->","yoast_head_json":{"title":"Accr\u00e9ditation Presse - Multicoque","robots":{"index":"noindex","follow":"follow","max-snippet":"max-snippet:-1","max-image-preview":"max-image-preview:large","max-video-preview":"max-video-preview:-1"},"og_locale":"fr_FR","og_type":"article","og_title":"Accr\u00e9ditation Presse - Multicoque","og_url":"https:\/\/demo.multicoque-online.com\/fr\/706-2\/","og_site_name":"Multicoque","article_modified_time":"2025-07-01T13:46:09+00:00","twitter_card":"summary_large_image","twitter_misc":{"Dur\u00e9e de lecture estim\u00e9e":"1 minute"},"schema":{"@context":"https:\/\/schema.org","@graph":[{"@type":"WebPage","@id":"https:\/\/demo.multicoque-online.com\/fr\/706-2\/","url":"https:\/\/demo.multicoque-online.com\/fr\/706-2\/","name":"Accr\u00e9ditation Presse - Multicoque","isPartOf":{"@id":"https:\/\/demo.multicoque-online.com\/fr\/#website"},"datePublished":"2024-01-24T11:08:50+00:00","dateModified":"2025-07-01T13:46:09+00:00","breadcrumb":{"@id":"https:\/\/demo.multicoque-online.com\/fr\/706-2\/#breadcrumb"},"inLanguage":"fr-FR","potentialAction":[{"@type":"ReadAction","target":["https:\/\/demo.multicoque-online.com\/fr\/706-2\/"]}]},{"@type":"BreadcrumbList","@id":"https:\/\/demo.multicoque-online.com\/fr\/706-2\/#breadcrumb","itemListElement":[{"@type":"ListItem","position":1,"name":"Accueil","item":"https:\/\/demo.multicoque-online.com\/fr\/"},{"@type":"ListItem","position":2,"name":"Accr\u00e9ditation Presse"}]},{"@type":"WebSite","@id":"https:\/\/demo.multicoque-online.com\/fr\/#website","url":"https:\/\/demo.multicoque-online.com\/fr\/","name":"Multicoque","description":"","potentialAction":[{"@type":"SearchAction","target":{"@type":"EntryPoint","urlTemplate":"https:\/\/demo.multicoque-online.com\/fr\/?s={search_term_string}"},"query-input":{"@type":"PropertyValueSpecification","valueRequired":true,"valueName":"search_term_string"}}],"inLanguage":"fr-FR"}]}},"_links":{"self":[{"href":"https:\/\/demo.multicoque-online.com\/fr\/wp-json\/wp\/v2\/pages\/706"}],"collection":[{"href":"https:\/\/demo.multicoque-online.com\/fr\/wp-json\/wp\/v2\/pages"}],"about":[{"href":"https:\/\/demo.multicoque-online.com\/fr\/wp-json\/wp\/v2\/types\/page"}],"author":[{"embeddable":true,"href":"https:\/\/demo.multicoque-online.com\/fr\/wp-json\/wp\/v2\/users\/1"}],"replies":[{"embeddable":true,"href":"https:\/\/demo.multicoque-online.com\/fr\/wp-json\/wp\/v2\/comments?post=706"}],"version-history":[{"count":2,"href":"https:\/\/demo.multicoque-online.com\/fr\/wp-json\/wp\/v2\/pages\/706\/revisions"}],"predecessor-version":[{"id":6658,"href":"https:\/\/demo.multicoque-online.com\/fr\/wp-json\/wp\/v2\/pages\/706\/revisions\/6658"}],"wp:attachment":[{"href":"https:\/\/demo.multicoque-online.com\/fr\/wp-json\/wp\/v2\/media?parent=706"}],"curies":[{"name":"wp","href":"https:\/\/api.w.org\/{rel}","templated":true}]}}